{"id":98,"date":"2026-03-23T14:47:08","date_gmt":"2026-03-23T14:47:08","guid":{"rendered":"https:\/\/frequencyagency.fr\/?page_id=98"},"modified":"2026-04-20T08:30:39","modified_gmt":"2026-04-20T08:30:39","slug":"artistes","status":"publish","type":"page","link":"https:\/\/frequencyagency.fr\/index.php\/artistes\/","title":{"rendered":"ARTISTES."},"content":{"rendered":"\t\t<div data-elementor-type=\"wp-page\" data-elementor-id=\"98\" class=\"elementor elementor-98\">\n\t\t\t\t<div class=\"elementor-element elementor-element-65ecec2 e-flex e-con-boxed e-con e-parent\" data-id=\"65ecec2\" data-element_type=\"container\" data-e-type=\"container\">\n\t\t\t\t\t<div class=\"e-con-inner\">\n\t\t\t\t<div class=\"elementor-element elementor-element-70745ff elementor-widget elementor-widget-heading\" data-id=\"70745ff\" data-element_type=\"widget\" data-e-type=\"widget\" data-widget_type=\"heading.default\">\n\t\t\t\t\t<h2 class=\"elementor-heading-title elementor-size-default\">Transparence, cr\u00e9ativit\u00e9 et confiance.<\/h2>\t\t\t\t<\/div>\n\t\t\t\t\t<\/div>\n\t\t\t\t<\/div>\n\t\t<div class=\"elementor-element elementor-element-967d129 e-flex e-con-boxed e-con e-parent\" data-id=\"967d129\" data-element_type=\"container\" data-e-type=\"container\">\n\t\t\t\t\t<div class=\"e-con-inner\">\n\t\t<div class=\"elementor-element elementor-element-4c0d714 e-con-full e-flex e-con e-child\" data-id=\"4c0d714\" data-element_type=\"container\" data-e-type=\"container\">\n\t\t\t\t<div class=\"elementor-element elementor-element-6d48d17 animated-slow elementor-invisible elementor-widget elementor-widget-image\" data-id=\"6d48d17\" data-element_type=\"widget\" data-e-type=\"widget\" data-settings=\"{&quot;_animation&quot;:&quot;fadeIn&quot;}\" data-widget_type=\"image.default\">\n\t\t\t\t\t\t\t\t\t\t\t\t\t\t\t<img fetchpriority=\"high\" decoding=\"async\" width=\"819\" height=\"1024\" src=\"https:\/\/frequencyagency.fr\/wp-content\/uploads\/2026\/03\/TOLLID-GOLEEN-8-819x1024.png\" class=\"attachment-large size-large wp-image-209\" alt=\"\" srcset=\"https:\/\/frequencyagency.fr\/wp-content\/uploads\/2026\/03\/TOLLID-GOLEEN-8-819x1024.png 819w, https:\/\/frequencyagency.fr\/wp-content\/uploads\/2026\/03\/TOLLID-GOLEEN-8-240x300.png 240w, https:\/\/frequencyagency.fr\/wp-content\/uploads\/2026\/03\/TOLLID-GOLEEN-8-768x960.png 768w, https:\/\/frequencyagency.fr\/wp-content\/uploads\/2026\/03\/TOLLID-GOLEEN-8.png 1080w\" sizes=\"(max-width: 819px) 100vw, 819px\" \/>\t\t\t\t\t\t\t\t\t\t\t\t\t\t\t<\/div>\n\t\t\t\t<\/div>\n\t\t<div class=\"elementor-element elementor-element-b62f51f e-con-full e-flex e-con e-child\" data-id=\"b62f51f\" data-element_type=\"container\" data-e-type=\"container\">\n\t\t\t\t<div class=\"elementor-element elementor-element-7182a77 animated-slow elementor-invisible elementor-widget elementor-widget-text-editor\" data-id=\"7182a77\" data-element_type=\"widget\" data-e-type=\"widget\" data-settings=\"{&quot;_animation&quot;:&quot;fadeIn&quot;}\" data-widget_type=\"text-editor.default\">\n\t\t\t\t\t\t\t\t\t<p class=\"p1\">Bas\u00e9 \u00e0 Toulouse, et de son vrai nom Paul, est DJ et manager artistique. Fort d\u2019une double exp\u00e9rience artistique et organisationnelle, il imagine et coordonne des \u00e9v\u00e9nements immersifs, en accord avec les attentes du public et des lieux.<\/p><p class=\"p1\">DJ fran\u00e7ais reconnu pour son approche \u00e9pur\u00e9e de la musique. Ses sets sont construits avec pr\u00e9cision, \u00e9l\u00e9gance et efficacit\u00e9, toujours au service du dancefloor.<\/p><p class=\"p1\">Co-fondateur de\u00a0<b>FREQUENCY.<\/b>,\u00a0<b>TOLLID<\/b>\u00a0allie cr\u00e9dibilit\u00e9 artistique et leadership entrepreneurial, travaillant chaque jour au d\u00e9veloppement des talents et \u00e0 la strat\u00e9gie \u00e0 long terme au sein de l\u2019industrie de la musique \u00e9lectronique.<\/p><p class=\"p1\">D\u00e9couvrez <em><a href=\"https:\/\/www.instagram.com\/tollid_music\/\">TOLLID.<\/a><\/em><\/p><p>Booking : <em><a href=\"mailto:paul@frequencyagency.fr\">paul@frequencyagency.fr<\/a><\/em><\/p>\t\t\t\t\t\t\t\t<\/div>\n\t\t\t\t<\/div>\n\t\t\t\t\t<\/div>\n\t\t\t\t<\/div>\n\t\t<div class=\"elementor-element elementor-element-d7d2bdd e-grid e-con-boxed e-con e-parent\" data-id=\"d7d2bdd\" data-element_type=\"container\" data-e-type=\"container\">\n\t\t\t\t\t<div class=\"e-con-inner\">\n\t\t\t\t<div class=\"elementor-element elementor-element-0cd78dc animated-slow elementor-invisible elementor-widget elementor-widget-text-editor\" data-id=\"0cd78dc\" data-element_type=\"widget\" data-e-type=\"widget\" data-settings=\"{&quot;_animation&quot;:&quot;fadeIn&quot;}\" data-widget_type=\"text-editor.default\">\n\t\t\t\t\t\t\t\t\t<p>Tom, originaire de Valence, est DJ et producteur sp\u00e9cialis\u00e9 dans la House Music. Actif depuis plusieurs ann\u00e9es, il s\u2019est produit dans de nombreux clubs et festivals en France, notamment \u00e0 Paris et Lyon.<\/p><p>Sign\u00e9 sur plusieurs labels et fondateur de son collectif &#8220;La G\u00e9n\u00e9rale&#8221;, GOLEEN est soutenu par des artistes reconnus tels que Don Diablo, Tony Romera, Mercer, Aazar et bien d\u2019autres.<\/p><p>Il d\u00e9veloppe un univers musical moderne, \u00e9l\u00e9gant et orient\u00e9 club culture.<\/p><p>Co-fondateur de <strong>FREQUENCY.<\/strong>, il d\u00e9livre une \u00e9nergie ma\u00eetris\u00e9e et une compr\u00e9hension profonde de ce qui fait vibrer un dancefloor.<\/p><p>D\u00e9couvrez <em><a href=\"https:\/\/www.instagram.com\/goleen_music\/\">GOLEEN.<\/a><\/em><\/p><p>Booking : <a href=\"mailto:tom@frequencyagency.fr\"><em>tom@frequencyagency.fr<\/em><\/a><\/p>\t\t\t\t\t\t\t\t<\/div>\n\t\t\t\t<div class=\"elementor-element elementor-element-d1d6911 animated-slow elementor-invisible elementor-widget elementor-widget-image\" data-id=\"d1d6911\" data-element_type=\"widget\" data-e-type=\"widget\" data-settings=\"{&quot;_animation&quot;:&quot;fadeIn&quot;}\" data-widget_type=\"image.default\">\n\t\t\t\t\t\t\t\t\t\t\t\t\t\t\t<img decoding=\"async\" width=\"819\" height=\"1024\" src=\"https:\/\/frequencyagency.fr\/wp-content\/uploads\/2026\/03\/TOLLID-GOLEEN-7-819x1024.png\" class=\"attachment-large size-large wp-image-208\" alt=\"\" srcset=\"https:\/\/frequencyagency.fr\/wp-content\/uploads\/2026\/03\/TOLLID-GOLEEN-7-819x1024.png 819w, https:\/\/frequencyagency.fr\/wp-content\/uploads\/2026\/03\/TOLLID-GOLEEN-7-240x300.png 240w, https:\/\/frequencyagency.fr\/wp-content\/uploads\/2026\/03\/TOLLID-GOLEEN-7-768x960.png 768w, https:\/\/frequencyagency.fr\/wp-content\/uploads\/2026\/03\/TOLLID-GOLEEN-7.png 1080w\" sizes=\"(max-width: 819px) 100vw, 819px\" \/>\t\t\t\t\t\t\t\t\t\t\t\t\t\t\t<\/div>\n\t\t\t\t\t<\/div>\n\t\t\t\t<\/div>\n\t\t\t\t<\/div>\n\t\t","protected":false},"excerpt":{"rendered":"<p>Transparence, cr\u00e9ativit\u00e9 et confiance. Bas\u00e9 \u00e0 Toulouse, et de son vrai nom Paul, est DJ et manager artistique. Fort d\u2019une double exp\u00e9rience artistique et organisationnelle, il imagine et coordonne des \u00e9v\u00e9nements immersifs, en accord avec les attentes du public et des lieux. DJ fran\u00e7ais reconnu pour son approche \u00e9pur\u00e9e de la musique. Ses sets sont [&hellip;]<\/p>\n","protected":false},"author":1,"featured_media":0,"parent":0,"menu_order":0,"comment_status":"closed","ping_status":"closed","template":"elementor_theme","meta":{"footnotes":""},"class_list":["post-98","page","type-page","status-publish","hentry"],"blocksy_meta":[],"_links":{"self":[{"href":"https:\/\/frequencyagency.fr\/index.php\/wp-json\/wp\/v2\/pages\/98","targetHints":{"allow":["GET"]}}],"collection":[{"href":"https:\/\/frequencyagency.fr\/index.php\/wp-json\/wp\/v2\/pages"}],"about":[{"href":"https:\/\/frequencyagency.fr\/index.php\/wp-json\/wp\/v2\/types\/page"}],"author":[{"embeddable":true,"href":"https:\/\/frequencyagency.fr\/index.php\/wp-json\/wp\/v2\/users\/1"}],"replies":[{"embeddable":true,"href":"https:\/\/frequencyagency.fr\/index.php\/wp-json\/wp\/v2\/comments?post=98"}],"version-history":[{"count":27,"href":"https:\/\/frequencyagency.fr\/index.php\/wp-json\/wp\/v2\/pages\/98\/revisions"}],"predecessor-version":[{"id":443,"href":"https:\/\/frequencyagency.fr\/index.php\/wp-json\/wp\/v2\/pages\/98\/revisions\/443"}],"wp:attachment":[{"href":"https:\/\/frequencyagency.fr\/index.php\/wp-json\/wp\/v2\/media?parent=98"}],"curies":[{"name":"wp","href":"https:\/\/api.w.org\/{rel}","templated":true}]}}